{"id":244650,"date":"2025-02-19T13:18:32","date_gmt":"2025-02-19T12:18:32","guid":{"rendered":"https:\/\/mainar.es\/inicio\/?page_id=244650"},"modified":"2025-02-19T13:19:38","modified_gmt":"2025-02-19T12:19:38","slug":"lavanderia-y-renting-vestuario-laboral","status":"publish","type":"page","link":"https:\/\/mainar.es\/inicio\/servicios\/lavanderia-y-renting-vestuario-laboral\/","title":{"rendered":"LAVANDER\u00cdA Y RENTING VESTUARIO LABORAL"},"content":{"rendered":"\n[et_pb_section fb_built=\u00bb1&#8243; _builder_version=\u00bb4.27.4&#8243; _module_preset=\u00bbdefault\u00bb background_enable_color=\u00bboff\u00bb background_image=\u00bbhttps:\/\/mainar.es\/inicio\/wp-content\/uploads\/2025\/02\/herose.jpg\u00bb background_position=\u00bbbottom_center\u00bb background_blend=\u00bbmultiply\u00bb custom_margin=\u00bb||||false|false\u00bb custom_padding=\u00bb9vw||9vw||true|false\u00bb hover_enabled=\u00bb0&#8243; da_disable_devices=\u00bboff|off|off\u00bb global_colors_info=\u00bb{}\u00bb theme_builder_area=\u00bbpost_content\u00bb title_text=\u00bbRow of industrial laundry machines. Concept of purity.\u00bb sticky_enabled=\u00bb0&#8243; da_is_popup=\u00bboff\u00bb da_exit_intent=\u00bboff\u00bb da_has_close=\u00bbon\u00bb da_alt_close=\u00bboff\u00bb da_dark_close=\u00bboff\u00bb da_not_modal=\u00bbon\u00bb da_is_singular=\u00bboff\u00bb da_with_loader=\u00bboff\u00bb da_has_shadow=\u00bbon\u00bb][et_pb_row column_structure=\u00bb1_2,1_2&#8243; admin_label=\u00bbHero Area\u00bb _builder_version=\u00bb4.27.4&#8243; background_color=\u00bbrgba(249,249,249,0.83)\u00bb background_size=\u00bbinitial\u00bb background_position=\u00bbtop_left\u00bb background_repeat=\u00bbrepeat\u00bb width=\u00bb85%\u00bb custom_margin=\u00bb||0px||false|false\u00bb custom_padding=\u00bb0px||12px||false|false\u00bb hover_enabled=\u00bb0&#8243; locked=\u00bboff\u00bb global_colors_info=\u00bb{}\u00bb theme_builder_area=\u00bbpost_content\u00bb sticky_enabled=\u00bb0&#8243;][et_pb_column type=\u00bb1_2&#8243; _builder_version=\u00bb4.27.4&#8243; custom_padding=\u00bb|||\u00bb hover_enabled=\u00bb0&#8243; global_colors_info=\u00bb{}\u00bb custom_padding__hover=\u00bb|||\u00bb theme_builder_area=\u00bbpost_content\u00bb sticky_enabled=\u00bb0&#8243;][et_pb_text admin_label=\u00bbTitle\u00bb _builder_version=\u00bb4.27.4&#8243; text_font=\u00bb||||||||\u00bb quote_font=\u00bb||||||||\u00bb header_font=\u00bb&#8211;et_global_heading_font|700||on|||||\u00bb header_text_color=\u00bb#425C65&#8243; header_font_size=\u00bb3em\u00bb header_letter_spacing=\u00bb1px\u00bb header_line_height=\u00bb1.4em\u00bb header_2_font=\u00bb||||||||\u00bb background_layout=\u00bbdark\u00bb custom_margin=\u00bb3%||0px||false|false\u00bb custom_margin_tablet=\u00bb\u00bb custom_margin_phone=\u00bb|||0px\u00bb custom_margin_last_edited=\u00bbon|phone\u00bb custom_padding=\u00bb||0px|30px|false|false\u00bb animation_style=\u00bbslide\u00bb animation_direction=\u00bbtop\u00bb animation_intensity_slide=\u00bb5%\u00bb animation_starting_opacity=\u00bb100%\u00bb hover_enabled=\u00bb0&#8243; header_font_size_tablet=\u00bb40px\u00bb header_font_size_phone=\u00bb\u00bb header_font_size_last_edited=\u00bbon|tablet\u00bb header_text_shadow_style=\u00bbpreset1&#8243; header_text_shadow_vertical_length=\u00bb0.04em\u00bb header_text_shadow_blur_strength=\u00bb0.05em\u00bb header_text_shadow_color=\u00bbrgba(0,0,0,0.23)\u00bb border_color_all=\u00bb#ff5400&#8243; border_color_left=\u00bb#E26037&#8243; global_colors_info=\u00bb{}\u00bb theme_builder_area=\u00bbpost_content\u00bb sticky_enabled=\u00bb0&#8243;]<h1><strong>LAVANDER\u00cdA Y RENTING <\/strong>VESTUARIO LABORAL<\/h1>[\/et_pb_text][et_pb_button button_url=\u00bb#formulario\u00bb button_text=\u00bbSOLICITA UN PRESUPUESTO SIN COMPROMISO\u00bb button_alignment=\u00bbcenter\u00bb _builder_version=\u00bb4.27.4&#8243; _module_preset=\u00bbdefault\u00bb custom_button=\u00bbon\u00bb button_text_size=\u00bb1.2em\u00bb custom_margin=\u00bb|9%||9%|false|true\u00bb custom_padding=\u00bb3%|7vw|3%|7vw|true|true\u00bb box_shadow_style=\u00bbpreset2&#8243; global_colors_info=\u00bb{}\u00bb theme_builder_area=\u00bbpost_content\u00bb][\/et_pb_button][\/et_pb_column][et_pb_column type=\u00bb1_2&#8243; _builder_version=\u00bb4.27.4&#8243; background_color=\u00bbRGBA(255,255,255,0)\u00bb custom_padding=\u00bb|||\u00bb global_colors_info=\u00bb{}\u00bb custom_padding__hover=\u00bb|||\u00bb theme_builder_area=\u00bbpost_content\u00bb][et_pb_text _builder_version=\u00bb4.27.4&#8243; _module_preset=\u00bbdefault\u00bb text_text_color=\u00bb#FFFFFF\u00bb header_6_font=\u00bb|700|||||||\u00bb header_6_text_color=\u00bb#FFFFFF\u00bb header_6_font_size=\u00bb1.4em\u00bb header_6_line_height=\u00bb1.5em\u00bb background_color=\u00bb#37B3AA\u00bb width=\u00bb64%\u00bb module_alignment=\u00bbcenter\u00bb custom_margin=\u00bb-3vw||||false|false\u00bb custom_padding=\u00bb14%|5%|14%|5%|true|true\u00bb animation_style=\u00bbzoom\u00bb hover_enabled=\u00bb0&#8243; border_radii=\u00bbon|50%|50%|50%|50%\u00bb global_colors_info=\u00bb{}\u00bb theme_builder_area=\u00bbpost_content\u00bb sticky_enabled=\u00bb0&#8243;]<h6 style=\"text-align: center;\">Olv\u00eddate de preocuparte por el vestuario de tu empresa<\/h6>\n<p style=\"text-align: center;\">En <strong>MAINAR<\/strong> ofrecemos un <strong>servicio integral de alquiler y mantenimiento de vestuario laboral<\/strong>, garantizando que siempre est\u00e9 limpio, presentable e higienizado.<\/p>[\/et_pb_text][\/et_pb_column][\/et_pb_row][\/et_pb_section][et_pb_section fb_built=\u00bb1&#8243; theme_builder_area=\u00bbpost_content\u00bb _builder_version=\u00bb4.27.4&#8243; _module_preset=\u00bbdefault\u00bb use_custom_gutter=\u00bbon\u00bb gutter_width=\u00bb4&#8243; padding_right_1=\u00bb2%\u00bb padding_left_1=\u00bb2%\u00bb padding_top_bottom_link_1=\u00bbfalse\u00bb padding_left_right_link_1=\u00bbtrue\u00bb width=\u00bb85%\u00bb max_width=\u00bb1366px\u00bb module_alignment=\u00bbcenter\u00bb custom_margin=\u00bb-5vh||4%||false|false\u00bb custom_padding=\u00bb2%|3%|2%|3%|true|true\u00bb box_shadow_style=\u00bbpreset1&#8243; hover_enabled=\u00bb0&#8243; sticky_enabled=\u00bb0&#8243; da_is_popup=\u00bboff\u00bb da_exit_intent=\u00bboff\u00bb da_has_close=\u00bbon\u00bb da_alt_close=\u00bboff\u00bb da_dark_close=\u00bboff\u00bb da_not_modal=\u00bbon\u00bb da_is_singular=\u00bboff\u00bb da_with_loader=\u00bboff\u00bb da_has_shadow=\u00bbon\u00bb da_disable_devices=\u00bboff|off|off\u00bb][et_pb_row _builder_version=\u00bb4.27.4&#8243; _module_preset=\u00bbdefault\u00bb theme_builder_area=\u00bbpost_content\u00bb column_structure=\u00bb1_2,1_2&#8243; width=\u00bb100%\u00bb hover_enabled=\u00bb0&#8243; sticky_enabled=\u00bb0&#8243; custom_padding=\u00bb|||0px|false|false\u00bb][et_pb_column _builder_version=\u00bb4.27.4&#8243; _module_preset=\u00bbdefault\u00bb type=\u00bb1_2&#8243; theme_builder_area=\u00bbpost_content\u00bb][et_pb_text admin_label=\u00bbSubtitle\u00bb _builder_version=\u00bb4.27.4&#8243; text_font=\u00bb||||||||\u00bb text_text_color=\u00bb#1D333B\u00bb text_font_size=\u00bb20px\u00bb text_line_height=\u00bb1.8em\u00bb header_font=\u00bb|700|||||||\u00bb header_font_size=\u00bb14vw\u00bb header_4_font=\u00bb|700|||||||\u00bb header_4_text_align=\u00bbleft\u00bb header_4_text_color=\u00bb#425C65&#8243; header_4_font_size=\u00bb1.9em\u00bb header_4_line_height=\u00bb1.2em\u00bb background_color=\u00bb#FFFFFF\u00bb background_layout=\u00bbdark\u00bb max_width=\u00bb700px\u00bb max_width_tablet=\u00bb\u00bb max_width_phone=\u00bb\u00bb max_width_last_edited=\u00bbon|tablet\u00bb custom_margin=\u00bb||0px|0px|false|false\u00bb custom_padding=\u00bb0%|0%|0%|0%|false|false\u00bb animation_style=\u00bbslide\u00bb animation_direction=\u00bbtop\u00bb animation_intensity_slide=\u00bb5%\u00bb animation_starting_opacity=\u00bb100%\u00bb hover_enabled=\u00bb0&#8243; locked=\u00bboff\u00bb global_colors_info=\u00bb{}\u00bb theme_builder_area=\u00bbpost_content\u00bb sticky_enabled=\u00bb0&#8243;]<h4 style=\"text-align: left;\"><strong>\u00bfPor qu\u00e9 contar con MAINAR para la lavanter\u00eda y el renting de tu vestuario laboral?<\/strong><\/h4>[\/et_pb_text][et_pb_divider _builder_version=\u00bb4.27.4&#8243; _module_preset=\u00bbdefault\u00bb custom_margin=\u00bb0px||||false|false\u00bb custom_padding=\u00bb0px||||false|false\u00bb global_colors_info=\u00bb{}\u00bb theme_builder_area=\u00bbpost_content\u00bb][\/et_pb_divider][et_pb_text _builder_version=\u00bb4.27.4&#8243; _module_preset=\u00bbdefault\u00bb text_font=\u00bb&#8211;et_global_body_font|300|||||||\u00bb text_text_color=\u00bb#FFFFFF\u00bb text_font_size=\u00bb1.3em\u00bb header_font=\u00bb|300|||||||\u00bb background_color=\u00bb#0088B9&#8243; custom_padding=\u00bb6%|6%|6%|6%|true|true\u00bb hover_enabled=\u00bb0&#8243; global_colors_info=\u00bb{}\u00bb theme_builder_area=\u00bbpost_content\u00bb sticky_enabled=\u00bb0&#8243;]<p style=\"text-align: center;\">Con <strong>MAINAR<\/strong>, mejorar\u00e1s la <strong>imagen corporativa<\/strong>, <strong>optimizar\u00e1s tiempos<\/strong> y ofrecer\u00e1s a tus <strong>trabajadores la tranquilidad de un vestuario siempre impecable<\/strong>.<\/p>[\/et_pb_text][\/et_pb_column][et_pb_column _builder_version=\u00bb4.27.4&#8243; _module_preset=\u00bbdefault\u00bb type=\u00bb1_2&#8243; theme_builder_area=\u00bbpost_content\u00bb][et_pb_text _builder_version=\u00bb4.27.4&#8243; _module_preset=\u00bbdefault\u00bb text_font=\u00bb||||||||\u00bb text_text_color=\u00bb#1D333B\u00bb header_3_font=\u00bb|800|||||||\u00bb header_3_text_color=\u00bb#0088B9&#8243; header_3_font_size=\u00bb2em\u00bb header_3_line_height=\u00bb1.2em\u00bb custom_margin=\u00bb||||false|false\u00bb hover_enabled=\u00bb0&#8243; global_colors_info=\u00bb{}\u00bb theme_builder_area=\u00bbpost_content\u00bb sticky_enabled=\u00bb0&#8243; custom_padding=\u00bb5%||||false|false\u00bb]<p>Nos encargamos de todo: <strong>suministro de ropa personalizada<\/strong> con el logo de tu empresa, <strong>reposiciones, reparaciones, lavado, planchado, log\u00edstica y mantenimiento<\/strong>. Cada prenda ir\u00e1 identificada con el nombre del operario, por tanto, gracias a nuestro sistema de gesti\u00f3n, conocer\u00e1s en todo momento su trazabilidad.<\/p>\n<p><strong>Recogemos la ropa sucia, entregamos la limpia<\/strong> y la organizamos en <strong>taquillas personales<\/strong> listas para su uso. Nuestras prendas de alta calidad y tejidos t\u00e9cnicos aseguran <strong>durabilidad y comodidad<\/strong>.<\/p>\n<p>Nuestra lavander\u00eda sigue <strong>estrictos protocolos<\/strong> para <strong>limpiar y<\/strong> <strong>desinfectar completamente<\/strong> las prendas, incluso aquellas expuestas a agentes contaminantes.<\/p>[\/et_pb_text][\/et_pb_column][\/et_pb_row][\/et_pb_section]\n","protected":false},"excerpt":{"rendered":"<p>Servicio integral de alquiler y mantenimiento de vestuario laboral, garantizando que siempre est\u00e9 limpio, presentable e higienizado. MAINAR. Especialistas en equipamiento industrial. Servicio personalizado. M\u00e1xima cantidad y garant\u00eda. Los mejores proveedores a los mejores precios<\/p>\n","protected":false},"author":1,"featured_media":244684,"parent":244424,"menu_order":0,"comment_status":"closed","ping_status":"closed","template":"","meta":{"_et_pb_use_builder":"on","_et_pb_old_content":"","_et_gb_content_width":"","footnotes":""},"class_list":["post-244650","page","type-page","status-publish","has-post-thumbnail","hentry"],"_links":{"self":[{"href":"https:\/\/mainar.es\/inicio\/wp-json\/wp\/v2\/pages\/244650","targetHints":{"allow":["GET"]}}],"collection":[{"href":"https:\/\/mainar.es\/inicio\/wp-json\/wp\/v2\/pages"}],"about":[{"href":"https:\/\/mainar.es\/inicio\/wp-json\/wp\/v2\/types\/page"}],"author":[{"embeddable":true,"href":"https:\/\/mainar.es\/inicio\/wp-json\/wp\/v2\/users\/1"}],"replies":[{"embeddable":true,"href":"https:\/\/mainar.es\/inicio\/wp-json\/wp\/v2\/comments?post=244650"}],"version-history":[{"count":6,"href":"https:\/\/mainar.es\/inicio\/wp-json\/wp\/v2\/pages\/244650\/revisions"}],"predecessor-version":[{"id":244690,"href":"https:\/\/mainar.es\/inicio\/wp-json\/wp\/v2\/pages\/244650\/revisions\/244690"}],"up":[{"embeddable":true,"href":"https:\/\/mainar.es\/inicio\/wp-json\/wp\/v2\/pages\/244424"}],"wp:featuredmedia":[{"embeddable":true,"href":"https:\/\/mainar.es\/inicio\/wp-json\/wp\/v2\/media\/244684"}],"wp:attachment":[{"href":"https:\/\/mainar.es\/inicio\/wp-json\/wp\/v2\/media?parent=244650"}],"curies":[{"name":"wp","href":"https:\/\/api.w.org\/{rel}","templated":true}]}}